{"id":33,"date":"2022-11-08T09:28:45","date_gmt":"2022-11-08T09:28:45","guid":{"rendered":"https:\/\/onyx.s4les.es\/?page_id=33"},"modified":"2022-11-10T13:55:52","modified_gmt":"2022-11-10T13:55:52","slug":"politica-de-privacidad","status":"publish","type":"page","link":"https:\/\/onyx.s4les.es\/es\/politica-de-privacidad\/","title":{"rendered":"Politica de privacidad"},"content":{"rendered":"\n<div class=\"wp-block-group container\" style=\"padding-top:90px\"><div class=\"wp-block-group__inner-container is-layout-constrained wp-block-group-is-layout-constrained\">\n<h1 class=\"wp-block-heading\">Pol\u00edtica de privacidad<\/h1>\n\n\n\n<ol class=\"wp-block-list\">\n<li><strong>Informaci\u00f3n sobre el responsable del tratamiento de los datos personales:<\/strong> La empresa responsable del tratamiento de los datos recabados a trav\u00e9s del sitio web https:\/\/s4les.es (en adelante, el Sitio Web) es la mercantil S4les Management Real Estate, con domicilio social en Duquesa, M\u00e1laga, con C.I.F.: B-93.590.883 y se encuentra debidamente inscrita en el Registro Mercantil de M\u00e1laga al Tomo\/Libro: 5695, folio: 138 Hoja: MA-143371, Inscripci\u00f3n: 1. En adelante, S4les Management Real Estate.<br>Puede ponerse en contacto con nosotros para cualquier cosa relacionada con esta pol\u00edtica de privacidad en la direcci\u00f3n de correo electr\u00f3nico: info@s4les.es.<br>Tambi\u00e9n puede contactar con nosotros en el Tel\u00e9fono: +34 660 603 602.<br><br><\/li>\n\n\n\n<li><strong>Finalidad del tratamiento de los datos personales:<\/strong><br><br>\n<ol class=\"wp-block-list\">\n<li><strong>\u00bfCon qu\u00e9 finalidad trataremos sus datos personales?<\/strong> En S4les Management Real Estate trataremos sus datos personales, recabados a trav\u00e9s del Sitio Web con las siguientes finalidades:\n<ul class=\"wp-block-list\">\n<li>Env\u00edo de informaci\u00f3n solicitado a trav\u00e9s de los formularios dispuestos en el Sitio Web.<\/li>\n\n\n\n<li>Mantener, en caso de contrataci\u00f3n de alg\u00fan servicio, la relaci\u00f3n negocial, as\u00ed como la gesti\u00f3n, administraci\u00f3n, informaci\u00f3n, prestaci\u00f3n y mejora del servicio.<\/li>\n\n\n\n<li>Se recuerda al usuario que puede oponerse al env\u00edo de comunicaciones comerciales por cualquier v\u00eda y en cualquier momento, remitiendo un correo electr\u00f3nico a la direcci\u00f3n info@s4les.es<\/li>\n\n\n\n<li>Todos los campos de dichos registros marcados con un asterisco son de cumplimentaci\u00f3n obligatoria, siendo imposible realizar las finalidades expresadas si no se aportan esos datos.<\/li>\n\n\n\n<li>Con el fin de poder ofrecerle productos y servicios de acuerdo a sus intereses elaboraremos un \u201cperfil comercial\u201d con base en la informaci\u00f3n facilitada. No se tomar\u00e1n decisiones automatizadas con base a dicho perfil.<\/li>\n<\/ul>\n<\/li>\n\n\n\n<li><strong>\u00bfPor cu\u00e1nto tiempo se conservan los datos personales recabados?<\/strong> Los datos personales proporcionados se conservar\u00e1n mientras se mantenga la relaci\u00f3n comercial o no se solicite su supresi\u00f3n por el interesado.<br><br><\/li>\n<\/ol>\n<\/li>\n\n\n\n<li><strong>LEGITIMACI\u00d3N:<\/strong> El tratamiento de sus datos se realiza con la base jur\u00eddica consistente de la legitimaci\u00f3n que otorga su solicitud de informaci\u00f3n o de presupuesto y, en su caso, por la contrataci\u00f3n de nuestros servicios, cuyos t\u00e9rminos y condiciones se pondr\u00e1n a su disposici\u00f3n antes de una eventual contrataci\u00f3n.<br>En caso de que el interesado no facilite sus datos o los facilite de forma err\u00f3nea o incompleta, no podremos atender su solicitud, resultando del todo imposible proporcionarle la informaci\u00f3n solicitada o llevar a cabo la contrataci\u00f3n de los servicios.<br>Tambi\u00e9n se legitimar\u00e1 el tratamiento de sus datos mediante la base jur\u00eddica del consentimiento libre, espec\u00edfico, informado e inequ\u00edvoco, en tanto que se le informa y se pone a su disposici\u00f3n la presente pol\u00edtica de privacidad y tras la lectura de la misma, en caso de estar conforme, puede aceptarla mediante una declaraci\u00f3n o una clara acci\u00f3n afirmativa, como el marcado de una casilla o hacer click sobre un determinado bot\u00f3n dispuestos al efecto.<br><br><\/li>\n\n\n\n<li><strong>DESTINATARIOS:<\/strong> Los datos se comunicar\u00e1n a otras empresas del grupo empresarial \u201cS4les Management Real Estate\u201d para fines administrativos internos, incluido el tratamiento de datos personales de clientes o empleados.<br>Como encargados de tratamiento, tenemos contratados los siguientes proveedores de servicios, que se han comprometido al cumplimiento de las disposiciones normativas de aplicaci\u00f3n en materia de protecci\u00f3n de datos, en el momento de su contrataci\u00f3n:<br>El servicio de alojamiento web o hosting con ACENS TECHNOLOGIES, S.L.U., que utiliza el nombre comercial de HOSTALIA, con C.I.F: B-84948736 Direcci\u00f3n: C\/ San Rafael, 14 28108 Alcobendas (Madrid) Registro Mercantil de Madrid Tomo 23.654, libro 0, folio 155, secci\u00f3n 8, Hoja M-424478, inscripci\u00f3n 1\u00aa. Tel\u00e9fono: 900 103 253. Se puede consultar la pol\u00edtica de privacidad y dem\u00e1s aspectos legales de dicha compa\u00f1\u00eda en el siguiente enlace: https:\/\/www.hostalia.com\/politica-privacidad\/<br>Puedes obtener m\u00e1s informaci\u00f3n acerca del Privacy Shield en la web del Departamento de Comercio de los EE.UU.: https:\/\/www.privacyshield.gov\/welcome<br>Asimismo, puedes encontrar una lista de las compa\u00f1\u00edas adheridas al Privacy Shield en el siguiente enlace: https:\/\/www.privacyshield.gov\/list<br><br><\/li>\n\n\n\n<li><strong>DERECHOS: <\/strong>Como interesado que nos ha proporcionado sus datos personales, usted tiene pleno derecho a obtener confirmaci\u00f3n sobre si en S4les Management Real Estate estamos tratando datos personales que le conciernan, o no, y en concreto ejercitar los siguientes derechos que la normativa en materia de protecci\u00f3n de datos le reconoce y conforme a lo previsto en la misma:<ul><li>Derecho de ACCESO a sus datos personales<\/li><li>Derechos de solicitar la RECTIFICACI\u00d3N de los datos inexactos<\/li><li>Derecho de solicitar su SUPRESI\u00d3N cuando, entre otros motivos, los datos ya no sean necesarios para los fines que fueron recogidos.<\/li><li>En determinadas circunstancias, podr\u00e1 solicitar la LIMITACI\u00d3N DEL TRATAMIENTO de sus datos, en cuyo caso \u00fanicamente los conservaremos para el ejercicio o la defensa de reclamaciones.<\/li><li>En determinadas circunstancias y por motivos relacionados con su situaci\u00f3n particular, los interesados podr\u00e1n ejercitar su derecho de OPOSICI\u00d3N al tratamiento de sus datos. Dejaremos de tratar los datos, salvo por motivos leg\u00edtimos imperiosos, o el ejercicio o la defensa de posibles reclamaciones.<\/li><li>En determinadas circunstancias y por motivos relacionados con su situaci\u00f3n particular, podr\u00e1 solicitar su derecho a la PORTABILIDAD de los datos.<\/li><\/ul>Podr\u00e1 ejercer tales derechos dirigiendo una comunicaci\u00f3n a la direcci\u00f3n postal y\/o de correo electr\u00f3nico que se hace constar en el apartado \u201c1. Informaci\u00f3n sobre el responsable del tratamiento de los datos personales.\u201d<br>Adem\u00e1s, en caso de que se haya vulnerado cualquiera de sus derechos, el interesado tiene derecho a presentar una reclamaci\u00f3n ante la Agencia Espa\u00f1ola de Protecci\u00f3n de Datos (AEPD), en C\/ Jorge Juan, 6, 28001-Madrid o a trav\u00e9s de la sede electr\u00f3nica de la AEPD:<a href=\"https:\/\/sedeagpd.gob.es\/sede-electronica-web\/\" target=\"_blank\" rel=\"noreferrer noopener\"> https:\/\/sedeagpd.gob.es\/sede-electronica-web\/<\/a><\/li>\n<\/ol>\n<\/div><\/div>\n","protected":false},"excerpt":{"rendered":"<p>Pol\u00edtica de privacidad<\/p>\n","protected":false},"author":1,"featured_media":0,"parent":0,"menu_order":0,"comment_status":"closed","ping_status":"open","template":"","meta":{"inline_featured_image":false,"footnotes":""},"class_list":["post-33","page","type-page","status-publish","hentry"],"aioseo_notices":[],"_links":{"self":[{"href":"https:\/\/onyx.s4les.es\/es\/wp-json\/wp\/v2\/pages\/33","targetHints":{"allow":["GET"]}}],"collection":[{"href":"https:\/\/onyx.s4les.es\/es\/wp-json\/wp\/v2\/pages"}],"about":[{"href":"https:\/\/onyx.s4les.es\/es\/wp-json\/wp\/v2\/types\/page"}],"author":[{"embeddable":true,"href":"https:\/\/onyx.s4les.es\/es\/wp-json\/wp\/v2\/users\/1"}],"replies":[{"embeddable":true,"href":"https:\/\/onyx.s4les.es\/es\/wp-json\/wp\/v2\/comments?post=33"}],"version-history":[{"count":2,"href":"https:\/\/onyx.s4les.es\/es\/wp-json\/wp\/v2\/pages\/33\/revisions"}],"predecessor-version":[{"id":259,"href":"https:\/\/onyx.s4les.es\/es\/wp-json\/wp\/v2\/pages\/33\/revisions\/259"}],"wp:attachment":[{"href":"https:\/\/onyx.s4les.es\/es\/wp-json\/wp\/v2\/media?parent=33"}],"curies":[{"name":"wp","href":"https:\/\/api.w.org\/{rel}","templated":true}]}}