{"id":32,"date":"2022-11-08T13:55:46","date_gmt":"2022-11-08T13:55:46","guid":{"rendered":"https:\/\/onyx.s4les.es\/legal-notice\/"},"modified":"2022-11-10T13:54:23","modified_gmt":"2022-11-10T13:54:23","slug":"aviso-legal","status":"publish","type":"page","link":"https:\/\/onyx.s4les.es\/es\/aviso-legal\/","title":{"rendered":"Aviso Legal"},"content":{"rendered":"\n<div class=\"wp-block-group container\" style=\"padding-top:90px\"><div class=\"wp-block-group__inner-container is-layout-constrained wp-block-group-is-layout-constrained\">\n<h1 class=\"wp-block-heading\"><strong>Aviso Legal<\/strong><\/h1>\n\n\n\n<figure class=\"wp-block-table\"><table><tbody><tr><td><strong>RESPONSABLE:<\/strong><\/td><td>S4les Management Real Estate<br>Duquesa, M\u00e1laga<br>C.I.F.: B-93.590.883<br>Tel\u00e9fono: +34 660 603 602<br>E-mail: <a href=\"mailto:info@s4les.es\">info@s4les.es<\/a><\/td><\/tr><tr><td><strong>FINALIDAD:<\/strong><\/td><td>Mantenimiento y gesti\u00f3n de la relaci\u00f3n comercial y remisi\u00f3n de publicidad<\/td><\/tr><tr><td><strong>LEGITIMACI\u00d3N:<\/strong><\/td><td>Consentimiento del interesado y contrataci\u00f3n de servicios<\/td><\/tr><tr><td><strong>DESTINATARIOS:<\/strong><\/td><td>Otras empresas del grupo S4les Management Real Estate y encargados de tratamiento fuera de la UE, acogidos al Privacy Shield.<\/td><\/tr><tr><td><strong>DERECHOS:<\/strong><\/td><td>Acceder, rectificar y suprimir los datos, portabilidad de los datos, limitaci\u00f3n u oposici\u00f3n a su tratamiento, derecho a no ser objeto de decisiones automatizadas, as\u00ed como a obtener informaci\u00f3n clara y transparente sobre el tratamiento de sus datos.<\/td><\/tr><tr><td><strong>INFORMACI\u00d3N ADICIONAL:<\/strong><\/td><td>Se puede consultar la pol\u00edtica de privacidad de forma m\u00e1s detallada <a href=\"https:\/\/s4les.es\/politica-privacidad\/\">aqu\u00ed<\/a>.<\/td><\/tr><\/tbody><\/table><\/figure>\n\n\n\n<h2 class=\"wp-block-heading\">T\u00e9rminos de Uso del Sitio Web<\/h2>\n\n\n\n<ol class=\"wp-block-list\">\n<li><strong>Informaci\u00f3n general sobre el titular del Sitio Web:<\/strong> La empresa titular del dominio y del sitio web https:\/\/s4les.es as\u00ed como de todos los subdominios y directorios incluidos en la misma (en adelante, conjuntamente denominados como la \u201cWeb\u201d o el \u201cSitio Web\u201d) es la mercantil S4les Management Real Estate, con domicilio social en Duquesa, M\u00e1laga, con C.I.F.: B-93.590.883 y se encuentra debidamente inscrita en el Registro Mercantil de M\u00e1laga al Tomo\/Libro: 5695, folio: 138 Hoja: MA-143371, Inscripci\u00f3n: 1. En adelante, S4les Management Real Estate.<br><br>Puede ponerse en contacto con nosotros para cualquier cosa relacionada con los presentes t\u00e9rminos en la direcci\u00f3n de correo electr\u00f3nico: info@s4les.es.<br><br>Tambi\u00e9n puede contactar con nosotros en el Tel\u00e9fono: +34 660 603 602 o en la direcci\u00f3n de correo electr\u00f3nico info@s4les.es.<br><br><\/li>\n\n\n\n<li><strong>Utilizaci\u00f3n del Sitio Web:<\/strong><br><br>\n<ol class=\"wp-block-list\">\n<li><strong>Acceso y uso responsable:<\/strong> El acceso y posterior uso de la Web es libre y gratuito, sin perjuicio de encontrarse sujeto a lo dispuesto en los presentes t\u00e9rminos de uso. Si accede a la Web est\u00e1 declarando ser mayor de edad y estar facultado de la capacidad legal suficiente para vincularse a los presentes t\u00e9rminos, y que lo hace bajo su \u00fanica y exclusiva responsabilidad. Si no estuviera de acuerdo con el contenido de los presentes t\u00e9rminos de uso, debe abandonar la Web, no pudiendo disfrutar de los servicios y\/o contenidos que la misma ofrece. Se obliga en todo momento a hacer un uso adecuado de los recursos puestos a su disposici\u00f3n en el Sitio Web, conforme a lo previsto en los presentes t\u00e9rminos, la moral, el orden p\u00fablico, las buenas costumbres y la legalidad vigente, sin perjudicar ni da\u00f1ar a los titulares del Sitio Web ni a ning\u00fan tercero, por lo que se compromete a no utilizar tales recursos para incurrir en actividades il\u00edcitas, ilegales, contrarias a la buena fe o al orden p\u00fablico; provocar da\u00f1os en los sistemas f\u00edsicos y l\u00f3gicos de S4les Management Real Estate, de sus proveedores o de terceras personas, introducir o difundir en la red virus inform\u00e1ticos o cualesquiera otros sistemas f\u00edsicos o l\u00f3gicos que sean susceptibles de provocar los da\u00f1os anteriormente mencionados. Alguna de las p\u00e1ginas del Sito Web puede permitirle participar mediante la realizaci\u00f3n de comentarios o la generaci\u00f3n de contenidos. En tal caso, queda absolutamente prohibido difundir contenidos o propaganda de car\u00e1cter il\u00edcito, racista, xen\u00f3fobo, de apolog\u00eda del terrorismo, atentatorio contra los derechos humanos, o que inciten al odio, vulneren la dignidad de la persona, de car\u00e1cter injurioso o calumnioso o contra el orden o la seguridad p\u00fablica. S4les Management Real Estate se reserva el derecho de retirar todos aquellos comentarios y\/o contenidos, que incumplan lo anteriormente expuesto o que, a su juicio, no resultaran adecuados para su publicaci\u00f3n en el Sitio Web.<br><br>En cualquier caso, S4les Management Real Estate no ser\u00e1 responsable de las opiniones vertidas por los usuarios a trav\u00e9s de los foros, chats, blog u otras herramientas de participaci\u00f3n que puedan crearse, salvo en lo expresamente previsto por la normativa de aplicaci\u00f3n.<br><br>En el caso de que el usuario facilite datos personales, los mismos deber\u00e1n ser exactos, completos, veraces, actualizados y ser\u00e1n procesados y tratados en cumplimiento de la legislaci\u00f3n vigente en materia de protecci\u00f3n de datos personales. S4les Management Real Estate se reserva el derecho de declinar cualquier solicitud de registro de cualquier usuario, en el caso de que tales datos incumplan tales requisitos.<br><br><\/li>\n\n\n\n<li><strong>Contenidos: <\/strong>A trav\u00e9s del Sitio Web corporativo de S4les Management Real Estate, ponemos a su disposici\u00f3n informaci\u00f3n sobre nuestra empresa, de los servicios que prestamos, as\u00ed como aquella que entendemos que puede ser de relevante o de inter\u00e9s y\/o relacionada con dichos servicios.<br><br><\/li>\n\n\n\n<li><strong>Contacto: <\/strong>Si lo desea puede contactar con nosotros a trav\u00e9s de la pesta\u00f1a \u201cCONTACTO\u201d del men\u00fa de inicio del sitio web, para resolver sus dudas en relaci\u00f3n con nuestros servicios, facilit\u00e1ndonos los datos que se solicitan en el formulario dispuesto al efecto y una vez que haya le\u00eddo y, en caso de estar conforme, aceptado la pol\u00edtica de privacidad. Usted, como usuario, es el \u00fanico y exclusivo responsable de que los datos que facilite a S4les Management Real Estate est\u00e9n actualizados, completos y que por supuesto sean exactos y veraces. S4les Management Real Estate en ning\u00fan caso ser\u00e1 responsable por el incumplimiento de tales requisitos en los datos que nos proporcione.<br><br><\/li>\n<\/ol>\n<\/li>\n\n\n\n<li><strong>Responsabilidad:<\/strong><br><br>\n<ol class=\"wp-block-list\">\n<li><strong>Funcionamiento de la Web:<\/strong> S4les Management Real Estate no puede garantizar que no se produzcan interrupciones o errores en el acceso al Sitio Web. No obstante, existe el firme compromiso, tan pronto como tenga conocimiento de tales incidencias, de llevar a cabo todas las actuaciones dirigidas a su restablecimiento o reparaci\u00f3n, salvo la concurrencia de causas ajenas a la voluntad de S4les Management Real Estate que lo imposibiliten o dificulten su ejecuci\u00f3n.<br><br><\/li>\n\n\n\n<li><strong>Contenidos de terceros y virus:<\/strong> S4les Management Real Estate no asume responsabilidad alguna de los contenidos, opiniones, informaciones de terceros y\/o servicios enlazados desde la Web ajenos a la misma, ni garantiza la ausencia de virus u otros elementos en tales contenidos que puedan provocar alteraciones en los sistemas f\u00edsicos (hardware) y l\u00f3gicos (Software) del usuario, o a los documentos o ficheros almacenados en su sistema, como consecuencia de la presencia de virus en el ordenador del usuario que sea utilizado para la conexi\u00f3n a los servicios y contenidos del Sitio Web o del uso de versiones no actualizadas de un navegador o de un mal funcionamiento del mismo.<br><br><\/li>\n<\/ol>\n<\/li>\n\n\n\n<li><strong>Propiedad Intelectual e Industrial:<\/strong><br><br>\n<ol class=\"wp-block-list\">\n<li><strong>Contenidos del Sitio Web: <\/strong>La totalidad de los elementos y\/o contenidos que aparecen publicados en el Sitio Web han sido creados por S4les Management Real Estate o la misma dispone de una licencia o autorizaci\u00f3n para su utilizaci\u00f3n, lo que ha supuesto un esfuerzo intelectual y\/o econ\u00f3mico asumido \u00edntegramente por S4les Management Real Estate. Por tanto, todos esos elementos y\/o contenidos, tales como im\u00e1genes, audio, v\u00eddeo, software o textos; marcas o logotipos, combinaciones de colores, estructura y dise\u00f1o, aplicaciones necesarias para su funcionamiento, acceso y uso, etc., y los derechos que se pueden ostentar sobre los mismos, son de titularidad exclusiva de S4les Management Real Estate, quedando expresamente prohibidas la reproducci\u00f3n, la distribuci\u00f3n, la comunicaci\u00f3n p\u00fablica- incluida su modalidad de puesta a disposici\u00f3n &#8211; y la transformaci\u00f3n, de la totalidad o parte de los contenidos del Sitio Web, en cualquier soporte y por cualquier medio t\u00e9cnico, sin la previa autorizaci\u00f3n expresa y por escrito de S4les Management Real Estate. En caso contrario, se estar\u00e1n vulnerando esos derechos exclusivos de propiedad intelectual o industrial que le corresponden a S4les Management Real Estate. Por tanto, el usuario se compromete a respetar tales derechos, absteni\u00e9ndote de suprimir, alterar, eludir o manipular cualquier dispositivo de protecci\u00f3n o sistema de seguridad que estuviera instalado en las p\u00e1ginas de S4les Management Real Estate.<br><br><\/li>\n\n\n\n<li><strong>Contenidos generados por el usuario: <\/strong>Con la aceptaci\u00f3n de los presentes t\u00e9rminos de uso, el usuario concede a S4les Management Real Estate una licencia tan amplia, como en derecho se requiera, para la publicaci\u00f3n de las aportaciones que realice en los diferentes servicios de participaci\u00f3n establecidos en el Sitio Web o que se establezcan. Queda absolutamente prohibido que el usuario suba al Sitio Web, comparta o haga cualquier otro tipo de uso de contenidos protegidos legalmente sin estar debida y legalmente legitimados para ello, tanto por la legislaci\u00f3n relativa a la propiedad intelectual o a la propiedad industrial (marcas, patentes, modelos de utilidad, dise\u00f1os industriales). S4les Management Real Estate ofrece la posibilidad de denunciar cualquier clase de vulneraci\u00f3n de los derechos por cualquier usuario o tercero por la introducci\u00f3n de un determinado contenido en el Sitio Web, comunicando dicha circunstancia a S4les Management Real Estate, mediante correo electr\u00f3nico a la direcci\u00f3n info@s4les.es<br><br><\/li>\n<\/ol>\n<\/li>\n\n\n\n<li><strong>Pol\u00edtica de Enlaces:<\/strong><br><br>\n<ol class=\"wp-block-list\">\n<li><strong>Enlaces desde otros sitios web:<\/strong> Aquellos que pretendan enlazar o enlacen desde una p\u00e1gina web de otro portal de Internet a cualquiera de las p\u00e1ginas web de S4les Management Real Estate deber\u00e1n someterse las siguientes condiciones:\n<ul class=\"wp-block-list\">\n<li>No se permite, la reproducci\u00f3n total o parcial de ninguno de los servicios ni contenidos del sitio web, ni el establecimiento de deep-links, ni enlaces IMG o de imagen, ni frames con la web de S4les Management Real Estate sin su previa autorizaci\u00f3n expresa y por escrito.<\/li>\n\n\n\n<li>No se realizar\u00e1 ninguna manifestaci\u00f3n falsa, inexacta o incorrecta sobre la web de S4les Management Real Estate, ni sobre los servicios o contenidos de la misma. Salvo aquellos signos que formen parte del enlace, la p\u00e1gina web en la que se establezca no contendr\u00e1 ninguna marca, nombre comercial, r\u00f3tulo de establecimiento, denominaci\u00f3n, logotipo, eslogan u otros signos distintivos pertenecientes a S4les Management Real Estate, salvo autorizaci\u00f3n expresa de \u00e9sta.<\/li>\n\n\n\n<li>El establecimiento del enlace no implicar\u00e1 la existencia de relaci\u00f3n alguna entre S4les Management Real Estate y el titular de la p\u00e1gina web o del portal desde el cual se realice, ni el conocimiento y aceptaci\u00f3n de S4les Management Real Estate de los servicios y contenidos ofrecidos en dicha p\u00e1gina web o portal.<\/li>\n\n\n\n<li>S4les Management Real Estate no ser\u00e1 responsable de los contenidos o servicios puestos a disposici\u00f3n del p\u00fablico en la p\u00e1gina web o portal desde el cual se realice el hiperv\u00ednculo, ni de las informaciones y manifestaciones incluidas en los mismos.<\/li>\n<\/ul>\n<\/li>\n\n\n\n<li><strong>Enlaces hacia otras webs: <\/strong>El sitio web de S4les Management Real Estate puede poner a disposici\u00f3n del usuario enlaces hacia otros sitios web gestionados y controlados por terceros, con la exclusiva funci\u00f3n de facilitar a los usuarios la b\u00fasqueda de informaci\u00f3n, contenidos y servicios en Internet, sin que en ning\u00fan caso pueda considerarse una sugerencia, recomendaci\u00f3n o invitaci\u00f3n para la visita de los mismos. S4les Management Real Estate no comercializa, ni dirige, ni controla previamente, ni hace propios los contenidos, servicios, informaciones y manifestaciones disponibles en dichos sitios web. S4les Management Real Estate no asume ning\u00fan tipo de responsabilidad, siquiera de forma indirecta o subsidiaria, por los contenidos, informaciones, comunicaciones, opiniones o servicios enlazados desde esos sitios webs no gestionados por S4les Management Real Estate y que resulten accesibles a trav\u00e9s de la Web, ni garantiza la ausencia de virus u otros elementos en los mismos que puedan producir alteraciones en el sistema inform\u00e1tico (hardware y software), en los documentos o los ficheros del usuario, excluyendo cualquier responsabilidad por los da\u00f1os de cualquier clase causados al usuario por este motivo<br><br><\/li>\n<\/ol>\n<\/li>\n\n\n\n<li><strong>Incumplimiento. Derecho de Exclusi\u00f3n: <\/strong>Cualquier incumplimiento de los presentes t\u00e9rminos de uso ser\u00e1 susceptible de ser perseguido, as\u00ed como cualquier uso indebido de la Web, pudiendo S4les Management Real Estate ejercitar cuantas acciones legales le correspondan en defensa de sus leg\u00edtimos intereses. S4les Management Real Estate se reserva el derecho a denegar o retirar el acceso al Sitio Web, sin necesidad de preaviso, a instancia propia o de un tercero, a aquellos usuarios que incumplan los presentes t\u00e9rminos de uso.<br><br><\/li>\n\n\n\n<li><strong>Modificaci\u00f3n de los presentes t\u00e9rminos: <\/strong>S4les Management Real Estate podr\u00e1 modificar en cualquier momento los t\u00e9rminos aqu\u00ed determinados, siendo debidamente publicados como aqu\u00ed aparecen. La vigencia de los citados t\u00e9rminos de uso ir\u00e1 en funci\u00f3n de su exposici\u00f3n y estar\u00e1n vigentes hasta que sean modificadas por otras debidamente publicadas.<br><br><\/li>\n\n\n\n<li><strong>Ley aplicable y jurisdicci\u00f3n:<\/strong> Los presentes t\u00e9rminos de uso y pol\u00edtica de privacidad se regir\u00e1n por la legislaci\u00f3n espa\u00f1ola. En caso de disputa o controversia relacionada con la aplicaci\u00f3n o interpretaci\u00f3n de tales t\u00e9rminos y pol\u00edticas, las partes se someter\u00e1n a los Juzgados y Tribunales que resulten competentes de conformidad con la legislaci\u00f3n vigente.<\/li>\n<\/ol>\n<\/div><\/div>\n","protected":false},"excerpt":{"rendered":"<p>Aviso Legal RESPONSABLE: S4les Management Real EstateDuquesa, M\u00e1lagaC.I.F.: B-93.590.883Tel\u00e9fono: +34 660 603 602E-mail: info@s4les.es FINALIDAD: Mantenimiento y gesti\u00f3n de la relaci\u00f3n comercial y remisi\u00f3n de publicidad LEGITIMACI\u00d3N: Consentimiento del interesado y contrataci\u00f3n de servicios DESTINATARIOS:&#8230;<\/p>\n","protected":false},"author":1,"featured_media":0,"parent":0,"menu_order":0,"comment_status":"closed","ping_status":"closed","template":"","meta":{"inline_featured_image":false,"footnotes":""},"class_list":["post-32","page","type-page","status-publish","hentry"],"aioseo_notices":[],"_links":{"self":[{"href":"https:\/\/onyx.s4les.es\/es\/wp-json\/wp\/v2\/pages\/32","targetHints":{"allow":["GET"]}}],"collection":[{"href":"https:\/\/onyx.s4les.es\/es\/wp-json\/wp\/v2\/pages"}],"about":[{"href":"https:\/\/onyx.s4les.es\/es\/wp-json\/wp\/v2\/types\/page"}],"author":[{"embeddable":true,"href":"https:\/\/onyx.s4les.es\/es\/wp-json\/wp\/v2\/users\/1"}],"replies":[{"embeddable":true,"href":"https:\/\/onyx.s4les.es\/es\/wp-json\/wp\/v2\/comments?post=32"}],"version-history":[{"count":2,"href":"https:\/\/onyx.s4les.es\/es\/wp-json\/wp\/v2\/pages\/32\/revisions"}],"predecessor-version":[{"id":257,"href":"https:\/\/onyx.s4les.es\/es\/wp-json\/wp\/v2\/pages\/32\/revisions\/257"}],"wp:attachment":[{"href":"https:\/\/onyx.s4les.es\/es\/wp-json\/wp\/v2\/media?parent=32"}],"curies":[{"name":"wp","href":"https:\/\/api.w.org\/{rel}","templated":true}]}}