{"id":30,"date":"2022-11-08T13:56:02","date_gmt":"2022-11-08T13:56:02","guid":{"rendered":"https:\/\/onyx.s4les.es\/cookies-policy\/"},"modified":"2022-11-10T13:53:31","modified_gmt":"2022-11-10T13:53:31","slug":"politica-de-cookies","status":"publish","type":"page","link":"https:\/\/onyx.s4les.es\/es\/politica-de-cookies\/","title":{"rendered":"Politica de Cookies"},"content":{"rendered":"\n<div class=\"wp-block-group container\" style=\"padding-top:90px\"><div class=\"wp-block-group__inner-container is-layout-constrained wp-block-group-is-layout-constrained\">\n<h1 class=\"wp-block-heading\">Pol\u00edtica de Cookies<\/h1>\n\n\n\n<ol class=\"wp-block-list\">\n<li><strong>Informaci\u00f3n general:<\/strong><ol><li><strong>\u00bfQui\u00e9n trata los datos?:<\/strong><br>Le informamos de que la empresa responsable del tratamiento de los datos recabados a trav\u00e9s del sitio web https:\/\/s4les.es (en adelante, el Sitio Web) es la mercantil S4les Management Real Estate, con domicilio social en Duquesa, M\u00e1laga, con C.I.F.: B-93.590.883 y se encuentra debidamente inscrita en el Registro Mercantil de M\u00e1laga al Tomo\/Libro: 5695, folio: 138 Hoja: MA-143371, Inscripci\u00f3n: 1. En adelante, S4les Management Real Estate.<br>Puede ponerse en contacto con nosotros para cualquier cosa relacionada con la presente pol\u00edtica de cookies en la direcci\u00f3n de correo electr\u00f3nico: <a href=\"mailto:info@s4les.es\">info@s4les.es<\/a>.<br>Tambi\u00e9n puede contactar con nosotros en el Tel\u00e9fono: +34 660 603 602.<\/li><li><strong>\u00bfQu\u00e9 son las cookies?:<\/strong><br>Una cookie es un archivo de informaci\u00f3n que el servidor de este Sitio Web env\u00eda al dispositivo (ordenador, port\u00e1til, smartphone, tablet, etc.) del usuario que accede a cualquier p\u00e1gina del Sitio Web, con la finalidad de almacenar y recuperar informaci\u00f3n sobre la navegaci\u00f3n que se efect\u00faa desde dicho equipo. Se pueden distinguir distintos tipos de cookies:<ul><li><strong>Tipos de cookies seg\u00fan la entidad que las gestione:<\/strong><br>Seg\u00fan quien sea la entidad que gestione el equipo o dominio desde donde se env\u00edan las cookies y trate los datos que se obtengan, podemos distinguir:<br><strong>&#8211; Cookies propias:<\/strong> Son aqu\u00e9llas que se env\u00edan al equipo terminal del usuario desde un equipo o dominio gestionado por el propio editor y desde el que se presta el servicio solicitado por el usuario.<br><strong>&#8211; Cookies de tercero:<\/strong> Son aqu\u00e9llas que se env\u00edan al equipo terminal del usuario desde un equipo o dominio que no es gestionado por el editor, sino por otra entidad que trata los datos obtenidos trav\u00e9s de las cookies. En el caso de que las cookies sean instaladas desde un equipo o dominio gestionado por el propio editor pero la informaci\u00f3n que se recoja mediante \u00e9stas sea gestionada por un tercero, no pueden ser consideradas como cookies propias.<\/li><li><strong>Tipos de cookies seg\u00fan el plazo de tiempo que permanecen activadas:<\/strong><br>Seg\u00fan el plazo de tiempo que permanecen activadas en el equipo terminal podemos distinguir:<br><strong>&#8211; Cookies de sesi\u00f3n:<\/strong> Son un tipo de cookies dise\u00f1adas para recabar y almacenar datos mientras el usuario accede a una p\u00e1gina web. Se suelen emplear para almacenar informaci\u00f3n que solo interesa conservar para la prestaci\u00f3n del servicio solicitado por el usuario en una sola ocasi\u00f3n (p.e. una lista de productos adquiridos).<br><strong>&#8211; Cookies persistentes:<\/strong> Son un tipo de cookies en el que los datos siguen almacenados en el terminal y pueden ser accedidos y tratados durante un periodo definido por el responsable de la cookie, y que puede ir de unos minutos a varios a\u00f1os.<\/li><li><strong>Tipos de cookies seg\u00fan su finalidad:<\/strong><br><strong>&#8211; Cookies t\u00e9cnicas:<\/strong> Son aqu\u00e9llas que permiten al usuario la navegaci\u00f3n a trav\u00e9s de una p\u00e1gina web, plataforma o aplicaci\u00f3n y la utilizaci\u00f3n de las diferentes opciones o servicios que en ella existan como, por ejemplo, controlar el tr\u00e1fico y la comunicaci\u00f3n de datos, identificar la sesi\u00f3n, acceder a partes de acceso restringido, recordar los elementos que integran un pedido, realizar el proceso de compra de un pedido, realizar la solicitud de inscripci\u00f3n o participaci\u00f3n en un evento, utilizar elementos de seguridad durante la navegaci\u00f3n, almacenar contenidos para la difusi\u00f3n de videos o sonido, etc.<br><strong>&#8211; Cookies de personalizaci\u00f3n:<\/strong> Son aqu\u00e9llas que permiten al usuario acceder al servicio con algunas caracter\u00edsticas de car\u00e1cter general predefinidas en funci\u00f3n de una serie de criterios en el terminal del usuario como por ejemplo serian el idioma, el tipo de navegador a trav\u00e9s del cual accede al servicio, la configuraci\u00f3n regional desde donde accede al servicio, etc.<br><strong>&#8211; Cookies de an\u00e1lisis<\/strong> (o anal\u00edticas): Son aqu\u00e9llas que permiten al responsable de las mismas, el seguimiento y an\u00e1lisis del comportamiento de los usuarios de los sitios web a los que est\u00e1n vinculadas. La informaci\u00f3n recogida mediante este tipo de cookies se utiliza en la medici\u00f3n de la actividad de los sitios web, aplicaci\u00f3n o plataforma y para la elaboraci\u00f3n de perfiles de navegaci\u00f3n de los usuarios de dichos sitios, aplicaciones y plataformas, con el fin de introducir mejoras en funci\u00f3n del an\u00e1lisis de los datos de uso que hacen los usuarios del servicio.<br><strong>&#8211; Cookies publicitarias:<\/strong> Son aqu\u00e9llas que permiten la gesti\u00f3n, de la forma m\u00e1s eficaz posible, de los espacios publicitarios que, en su caso, el editor haya incluido en una p\u00e1gina web, aplicaci\u00f3n o plataforma desde la que presta el servicio solicitado en base a criterios como el contenido editado o la frecuencia en la que se muestran los anuncios.<br><strong>&#8211; Cookies de publicidad comportamental (de retargeting o remarketing):<\/strong> Son aqu\u00e9llas que permiten la gesti\u00f3n, de la forma m\u00e1s eficaz posible, de los espacios publicitarios que, en su caso, el editor haya incluido en una p\u00e1gina web, aplicaci\u00f3n o plataforma desde la que presta el servicio solicitado. Estas cookies almacenan informaci\u00f3n del comportamiento de los usuarios obtenida a trav\u00e9s de la observaci\u00f3n continuada de sus h\u00e1bitos de navegaci\u00f3n, lo que permite desarrollar un perfil espec\u00edfico para mostrar publicidad en funci\u00f3n del mismo<\/li><\/ul>En este <a href=\"https:\/\/www.agpd.es\/portalwebAGPD\/canaldocumentacion\/publicaciones\/common\/Guias\/Guia_Cookies.pdf\" target=\"_blank\" rel=\"noreferrer noopener\">link<\/a> se puede acceder a la gu\u00eda de cookies editada por la Agencia Espa\u00f1ola de Protecci\u00f3n de Datos.<\/li><\/ol><br><br><\/li>\n\n\n\n<li><strong>Cookies que utiliza S4les Management Real Estate:<\/strong><br>En el Sitio Web de S4les Management Real Estate utilizamos diversos tipos de cookies:<ol><li><strong>Cookies propias<\/strong> (enviadas al equipo terminal del usuario desde el dominio gestionado por S4les Management Real Estate): cookies t\u00e9cnicas, de las llamadas exceptuadas, por cuanto la Ley no exige advertir de su utilizaci\u00f3n.<\/li><li><strong>Cookies de terceros<\/strong> (aqu\u00e9llas que se env\u00edan al equipo terminal del usuario desde un equipo o dominio que no es gestionado por S4les Management Real Estate):<ul><li><strong>Cookies anal\u00edticas:<\/strong><br>De Google Analytics: En el siguiente enlace se puede encontrar m\u00e1s informaci\u00f3n sobre el uso que Google realiza de las cookies de Google Analytics: <a href=\"https:\/\/www.google.com\/intl\/es_es\/policies\/technologies\/types\" target=\"_blank\" rel=\"noreferrer noopener\">https:\/\/www.google.com\/intl\/es_es\/policies\/technologies\/types<\/a><\/li><li><strong>Cookies publicitarias:<\/strong><br>&#8211; De DoubleClick by Google: Cookies Publicitarias de Google que se usan para el estudio de la audiencia, obteniendo informaci\u00f3n sobre su navegaci\u00f3n, recopilando datos de manera an\u00f3nima que permiten ofrecer publicidad basada en la navegaci\u00f3n realizada. En el siguiente enlace se puede encontrar m\u00e1s informaci\u00f3n sobre el uso que Google realiza de las cookies de DoubleClick: <a href=\"https:\/\/support.google.com\/adsense\/answer\/2839090\" target=\"_blank\" rel=\"noreferrer noopener\">https:\/\/support.google.com\/adsense\/answer\/2839090<\/a><br>&#8211; P\u00edxel de Facebook y cookies de Facebook Custom Audience<br>&#8211; Cookies publicitarias y de publicidad comportamental de Facebook: Sirven para dirigir anuncios al usuario sobre los productos o servicios que el usuario ha visitado, comprado y\/o utilizado en una p\u00e1gina espec\u00edfica de la Web. Asimismo, permiten limitar el n\u00famero de veces que se muestra un anuncio, de tal modo que el usuario no vea el mismo anuncio una y otra vez. Tambi\u00e9n se utilizan dichas cookies para medir el rendimiento de las campa\u00f1as publicitarias de negocios que utilizan los servicios de Facebook. En el siguiente enlace se puede encontrar m\u00e1s informaci\u00f3n sobre el uso que Facebook realiza de las cookies de Facebook Custom Audience: <a href=\"https:\/\/www.facebook.com\/privacy\/explanation\" target=\"_blank\" rel=\"noreferrer noopener\">https:\/\/www.facebook.com\/privacy\/explanation<\/a><br>&#8211; De Google AdWords Conversion Cookies anal\u00edticas y publicitarias: Recopilan datos de navegaci\u00f3n de manera an\u00f3nima para conocer los resultados de las campa\u00f1as realizadas. M\u00e1s informaci\u00f3n aqu\u00ed: <a href=\"https:\/\/www.google.com\/policies\/technologies\/cookies\/\" target=\"_blank\" rel=\"noreferrer noopener\">https:\/\/www.google.com\/policies\/technologies\/cookies\/<\/a><br>&#8211; De Google Dynamic Remarketing Cookies de publicidad comportamental (remarketing): Mediante el remarketing din\u00e1mico y la inserci\u00f3n de las correspondientes cookies en el navegador del usuario, \u00e9ste podr\u00e1 visualizar publicidad relacionada con los contenidos visitados en la Web, incluso cuando ya no est\u00e1 navegando por la misma. En el siguiente enlace se puede encontrar m\u00e1s informaci\u00f3n sobre el uso que Google realiza de las cookies de Google Dynamic: <a href=\"https:\/\/support.google.com\/adwords\/topic\/3122874?hl=es&amp;ref_topic=3121935\" target=\"_blank\" rel=\"noreferrer noopener\">https:\/\/support.google.com\/adwords\/topic\/3122874?hl=es&amp;ref_topic=3121935<\/a><\/li><li><strong>De redes sociales:<\/strong><br>&#8211; De plugins sociales (Facebook, YouTube, Twitter, LinkedIn, Instagram, Google+, etc.) que realizan seguimiento de la actividad de los usuarios de la Web.<br>&#8211; De redes sociales: Cookies de redes sociales externas que se utilizan para que los visitantes puedan interactuar con el contenido de diferentes plataformas sociales (Facebook, YouTube, Twitter, LinkedIn, Instagram, etc.) y que se generan \u00fanicamente para los usuarios de dichas redes sociales. Las condiciones de utilizaci\u00f3n de estas cookies y la informaci\u00f3n recopilada se regulan por la pol\u00edtica de privacidad de la plataforma social correspondiente.<\/li><\/ul><strong>M\u00e1s informaci\u00f3n:<\/strong><br><a href=\"https:\/\/www.facebook.com\/help\/cookies\/\" target=\"_blank\" rel=\"noreferrer noopener\">https:\/\/www.facebook.com\/help\/cookies\/<\/a> <a href=\"https:\/\/www.google.com\/intl\/es_es\/policies\/technologies\/types\" target=\"_blank\" rel=\"noreferrer noopener\">https:\/\/www.google.com\/intl\/es_es\/policies\/technologies\/types\/<\/a> <a href=\"https:\/\/support.twitter.com\/articles\/20170521-el-uso-que-hace-twitter-de-cookies-y-tecnologias-similares\" target=\"_blank\" rel=\"noreferrer noopener\">https:\/\/support.twitter.com\/articles\/20170521-el-uso-que-hace-twitter-de-cookies-y-tecnologias-similares<\/a> <a href=\"https:\/\/www.instagram.com\/legal\/cookies\/\" target=\"_blank\" rel=\"noreferrer noopener\">https:\/\/www.instagram.com\/legal\/cookies\/<\/a> <a href=\"https:\/\/policy.pinterest.com\/es\/cookies\" target=\"_blank\" rel=\"noreferrer noopener\">https:\/\/policy.pinterest.com\/es\/cookies<\/a><\/li><\/ol><br><br><\/li>\n\n\n\n<li><strong>Informaci\u00f3n sobre c\u00f3mo bloquear o desactivar las cookies:<\/strong><br>El usuario podr\u00e1 -en cualquier momento- gestionar el uso de cookies a trav\u00e9s del navegador instalado en su terminal. En los enlaces siguientes puede encontrarse informaci\u00f3n sobre qu\u00e9 cookies tiene el usuario instaladas en su navegador, permitir su instalaci\u00f3n, bloquearlas o eliminarlas de su equipo:<ul><li>Chrome, desde: <a href=\"https:\/\/support.google.com\/chrome\/bin\/answer.py?hl=es&amp;answer=95647\" target=\"_blank\" rel=\"noreferrer noopener\">https:\/\/support.google.com\/chrome\/bin\/answer.py?hl=es&amp;answer=95647<\/a><\/li><li>Explorer, desde: <a href=\"https:\/\/windows.microsoft.com\/es-es\/windows7\/how-to-manage-cookies-in-internet-explorer-9\" target=\"_blank\" rel=\"noreferrer noopener\">https:\/\/windows.microsoft.com\/es-es\/windows7\/how-to-manage-cookies-in-internet-explorer-9<\/a><\/li><li>Firefox, desde: <a href=\"https:\/\/support.mozilla.org\/es\/kb\/habilitar-y-deshabilitar-cookies-que-los-sitios-we\" target=\"_blank\" rel=\"noreferrer noopener\">https:\/\/support.mozilla.org\/es\/kb\/habilitar-y-deshabilitar-cookies-que-los-sitios-we<\/a><\/li><li>Safari, desde: <a href=\"https:\/\/support.apple.com\/kb\/ph5042\" target=\"_blank\" rel=\"noreferrer noopener\">https:\/\/support.apple.com\/kb\/ph5042<\/a><\/li><li>Opera, desde: <a href=\"https:\/\/help.opera.com\/Windows\/11.50\/es-ES\/cookies.html\" target=\"_blank\" rel=\"noreferrer noopener\">https:\/\/help.opera.com\/Windows\/11.50\/es-ES\/cookies.html<\/a><\/li><\/ul>Existen herramientas de terceros, disponibles on line, que permiten a los usuarios detectar las cookies en cada sitio web que visita y gestionar su desactivaci\u00f3n.<br>Los navegadores web son las herramientas encargadas de almacenar las cookies y desde este lugar el usuario puede ejercitar su derecho a eliminaci\u00f3n o desactivaci\u00f3n de las mismas. Ni esta web ni sus representantes legales pueden garantizar la correcta o incorrecta manipulaci\u00f3n de las cookies por parte de los mencionados navegadores.<br>En algunos casos es necesario instalar cookies para que el navegador no olvide la decisi\u00f3n del usuario de no aceptaci\u00f3n de las mismas.<br>La aceptaci\u00f3n de la presente pol\u00edtica de cookies implica que el usuario ha sido informado de una forma clara y completa sobre el uso de dispositivos de almacenamiento y recuperaci\u00f3n de datos (cookies) as\u00ed como que S4les Management Real Estate dispone del consentimiento del usuario para el uso de las mismas tal y como establece el art\u00edculo 22 de la Ley 34\/2002, de 11 de julio, de Servicios de la Sociedad de la Informaci\u00f3n y Comercio Electr\u00f3nico (LSSI-CE).<\/li>\n<\/ol>\n<\/div><\/div>\n","protected":false},"excerpt":{"rendered":"<p>Pol\u00edtica de Cookies<\/p>\n","protected":false},"author":1,"featured_media":0,"parent":0,"menu_order":0,"comment_status":"closed","ping_status":"closed","template":"","meta":{"inline_featured_image":false,"footnotes":""},"class_list":["post-30","page","type-page","status-publish","hentry"],"aioseo_notices":[],"_links":{"self":[{"href":"https:\/\/onyx.s4les.es\/es\/wp-json\/wp\/v2\/pages\/30","targetHints":{"allow":["GET"]}}],"collection":[{"href":"https:\/\/onyx.s4les.es\/es\/wp-json\/wp\/v2\/pages"}],"about":[{"href":"https:\/\/onyx.s4les.es\/es\/wp-json\/wp\/v2\/types\/page"}],"author":[{"embeddable":true,"href":"https:\/\/onyx.s4les.es\/es\/wp-json\/wp\/v2\/users\/1"}],"replies":[{"embeddable":true,"href":"https:\/\/onyx.s4les.es\/es\/wp-json\/wp\/v2\/comments?post=30"}],"version-history":[{"count":3,"href":"https:\/\/onyx.s4les.es\/es\/wp-json\/wp\/v2\/pages\/30\/revisions"}],"predecessor-version":[{"id":256,"href":"https:\/\/onyx.s4les.es\/es\/wp-json\/wp\/v2\/pages\/30\/revisions\/256"}],"wp:attachment":[{"href":"https:\/\/onyx.s4les.es\/es\/wp-json\/wp\/v2\/media?parent=30"}],"curies":[{"name":"wp","href":"https:\/\/api.w.org\/{rel}","templated":true}]}}