{"id":272,"date":"2022-11-09T16:26:56","date_gmt":"2022-11-09T16:26:56","guid":{"rendered":"https:\/\/onyx.s4les.es\/request-a-visit\/"},"modified":"2022-11-11T07:44:29","modified_gmt":"2022-11-11T07:44:29","slug":"solicitar-visita","status":"publish","type":"page","link":"https:\/\/onyx.s4les.es\/es\/solicitar-visita\/","title":{"rendered":"Solicitar visita"},"content":{"rendered":"\n<div class=\"wp-block-group container\"><div class=\"wp-block-group__inner-container is-layout-constrained wp-block-group-is-layout-constrained\">\n<div style=\"height:70px\" aria-hidden=\"true\" class=\"wp-block-spacer\"><\/div>\n<\/div><\/div>\n\n\n\n<div class=\"wp-block-group ic_contact_form container-fluid registerbid has-background\" style=\"background-color:#f8f8f8\"><div class=\"wp-block-group__inner-container is-layout-constrained wp-block-group-is-layout-constrained\">\n<h1 class=\"has-text-align-center wp-block-heading\">Solicitar visita<\/h1>\n\n\n\n<p class=\"has-text-align-center regintro\">Para visitas, confirme su asistencia al <strong>OPEN HOUSE<\/strong> que se celebrar\u00e1 el pr\u00f3ximo <strong>JUEVES 17 DE NOVIEMBRE DE 12 \u2013 16 HORAS<\/strong>.\u00a0 En dicho <strong>OPEN HOUSE<\/strong>, se atender\u00e1n visitas virtuales para aquellos que no puedan asistir en persona. Excepcionalmente se atender\u00e1n visitas fuera de esta fecha, siempre con cita previa y seg\u00fan disponibilidad<\/p>\n\n\n<div class=\"frm_forms  with_frm_style frm_style_formidable-style\" id=\"frm_form_6_container\" >\n<form enctype=\"multipart\/form-data\" method=\"post\" class=\"frm-show-form  frm_js_validate \" id=\"form_contact-form222\"  >\n<div class=\"frm_form_fields \">\n<fieldset>\n<legend class=\"frm_screen_reader\">Request a Visit ES<\/legend>\r\n\r\n<div class=\"frm_fields_container\">\n<input type=\"hidden\" name=\"frm_action\" value=\"create\" \/>\n<input type=\"hidden\" name=\"form_id\" value=\"6\" \/>\n<input type=\"hidden\" name=\"frm_hide_fields_6\" id=\"frm_hide_fields_6\" value=\"\" \/>\n<input type=\"hidden\" name=\"form_key\" value=\"contact-form222\" \/>\n<input type=\"hidden\" name=\"item_meta[0]\" value=\"\" \/>\n<input type=\"hidden\" id=\"frm_submit_entry_6\" name=\"frm_submit_entry_6\" value=\"150f53b308\" \/><input type=\"hidden\" name=\"_wp_http_referer\" value=\"\/es\/wp-json\/wp\/v2\/pages\/272\" \/><div id=\"frm_field_62_container\" class=\"frm_form_field form-field  frm_required_field frm_top_container frm_half\">\r\n    <label for=\"field_name32\" id=\"field_name32_label\" class=\"frm_primary_label\">Nombre\r\n        <span class=\"frm_required\" aria-hidden=\"true\">*<\/span>\r\n    <\/label>\r\n    <input type=\"text\" id=\"field_name32\" name=\"item_meta[62]\" value=\"\"  placeholder=\"Nombre *\" data-reqmsg=\"Este campo es obligatorio.\" aria-required=\"true\" data-invmsg=\"Name is invalid\" aria-invalid=\"false\"  \/>\r\n    \r\n    \r\n<\/div>\n<div id=\"frm_field_63_container\" class=\"frm_form_field form-field  frm_required_field frm_hidden_container frm_half\">\r\n    <label for=\"field_ocfup132\" id=\"field_ocfup132_label\" class=\"frm_primary_label\">Apellidos\r\n        <span class=\"frm_required\" aria-hidden=\"true\">*<\/span>\r\n    <\/label>\r\n    <input type=\"text\" id=\"field_ocfup132\" name=\"item_meta[63]\" value=\"\"  placeholder=\"Apellidos *\" data-reqmsg=\"Este campo es obligatorio.\" aria-required=\"true\" data-invmsg=\"Last is invalid\" aria-invalid=\"false\"  \/>\r\n    \r\n    \r\n<\/div>\n<div id=\"frm_field_64_container\" class=\"frm_form_field form-field  frm_required_field frm_top_container frm_full\">\r\n    <label for=\"field_29yf4d32\" id=\"field_29yf4d32_label\" class=\"frm_primary_label\">Email\r\n        <span class=\"frm_required\" aria-hidden=\"true\">*<\/span>\r\n    <\/label>\r\n    <input type=\"email\" id=\"field_29yf4d32\" name=\"item_meta[64]\" value=\"\"  placeholder=\"Email *\" data-reqmsg=\"Este campo es obligatorio.\" aria-required=\"true\" data-invmsg=\"Email correcto obligatorio.\" aria-invalid=\"false\"  \/>\r\n    \r\n    \r\n<\/div>\n<div id=\"frm_field_65_container\" class=\"frm_form_field form-field  frm_top_container frm6 frm_first\">\r\n    <label for=\"field_country_flags32\" id=\"field_country_flags32_label\" class=\"frm_primary_label\">Seleccionar Pais\r\n        <span class=\"frm_required\" aria-hidden=\"true\"><\/span>\r\n    <\/label>\r\n    <input type=\"text\" id=\"field_country_flags32\" name=\"item_meta[65]\" value=\"\"  placeholder=\"Seleccionar Pais\" data-invmsg=\"Text is invalid\" aria-invalid=\"false\"  \/>\r\n    \r\n    \r\n<\/div>\n<div id=\"frm_field_66_container\" class=\"frm_form_field form-field  frm_top_container frm6\">\r\n    <label for=\"field_qkxlv32\" id=\"field_qkxlv32_label\" class=\"frm_primary_label\">Tel\u00e9fono\r\n        <span class=\"frm_required\" aria-hidden=\"true\"><\/span>\r\n    <\/label>\r\n    <input type=\"tel\" id=\"field_qkxlv32\" name=\"item_meta[66]\" value=\"\"  placeholder=\"Tel\u00e9fono\" data-invmsg=\"Tel\u00e9fono inv\u00e1lido\" aria-invalid=\"false\" pattern=\"((\\+\\d{1,3}(-|.| )?\\(?\\d\\)?(-| |.)?\\d{1,5})|(\\(?\\d{2,6}\\)?))(-|.| )?(\\d{3,4})(-|.| )?(\\d{4})(( x| ext)\\d{1,5}){0,1}$\"  \/>\r\n    \r\n    \r\n<\/div>\n<div id=\"frm_field_67_container\" class=\"frm_form_field  frm_html_container form-field\">\n<hr \/>\n<p style=\"font-size:17px;margin-top:16px;margin-bottom:0px;text-align:center;\">Te invitamos a nuestro evento de puertas abiertas el 17 de noviembre de 2022 de 12.00 a 16.00 horas<\/p>\n<\/div>\n<div id=\"frm_field_68_container\" class=\"frm_form_field form-field  frm_required_field frm_top_container frm6 frm_first\">\r\n    <label for=\"field_datepicker2\" id=\"field_datepicker2_label\" class=\"frm_primary_label\">Fecha deseada para la visita\r\n        <span class=\"frm_required\" aria-hidden=\"true\">*<\/span>\r\n    <\/label>\r\n    <input type=\"text\" id=\"field_datepicker2\" name=\"item_meta[68]\" value=\"\"  placeholder=\"Fecha deseada para la visita *\" data-reqmsg=\"Este campo es obligatorio.\" aria-required=\"true\" data-invmsg=\"Text is invalid\" aria-invalid=\"false\"  \/>\r\n    \r\n    \r\n<\/div>\n<div id=\"frm_field_69_container\" class=\"frm_form_field form-field  frm_top_container frm6\">\r\n    <label for=\"field_l0c6l2\" id=\"field_l0c6l2_label\" class=\"frm_primary_label\">Horario deseado\r\n        <span class=\"frm_required\" aria-hidden=\"true\"><\/span>\r\n    <\/label>\r\n    \t\t<select name=\"item_meta[69]\" id=\"field_l0c6l2\"  data-invmsg=\"Horario deseado no es v\u00e1lido\" aria-invalid=\"false\"  >\n\t\t\t\t<option  value=\"Horario deseado\">\n\t\t\tHorario deseado\t\t<\/option>\n\t\t\t\t<option  value=\"Ma\u00f1ana\">\n\t\t\tMa\u00f1ana\t\t<\/option>\n\t\t\t\t<option  value=\"Tarde\">\n\t\t\tTarde\t\t<\/option>\n\t\t\t<\/select>\n\t\r\n    \r\n    \r\n<\/div>\n<div id=\"frm_field_70_container\" class=\"frm_form_field form-field  frm_required_field frm_top_container vertical_radio\">\r\n    <div  id=\"field_19kup32_label\" class=\"frm_primary_label\">\r\n        <span class=\"frm_required\" aria-hidden=\"true\">*<\/span>\r\n    <\/div>\r\n    <div class=\"frm_opt_container\" aria-labelledby=\"field_19kup32_label\" role=\"group\">\t\t<div class=\"frm_checkbox\" id=\"frm_checkbox_70-0\"><label for=\"field_19kup32-0\"><input type=\"checkbox\" name=\"item_meta[70][]\" id=\"field_19kup32-0\" value=\"Acepto el &lt;a href=&quot;\/es\/aviso-legal\/&quot; target=&quot;_blank&quot;&gt;Aviso Legal&lt;\/a&gt; y la &lt;a href=&quot;\/es\/politica-de-privacidad\/&quot; target=&quot;_blank&quot;&gt;Pol\u00edtica de privacidad&lt;\/a&gt;\"  data-reqmsg=\"Este campo es obligatorio.\" aria-required=\"true\" data-invmsg=\" no es v\u00e1lido\" aria-invalid=\"false\"   \/> Acepto el <a href=\"\/es\/aviso-legal\/\" target=\"_blank\">Aviso Legal<\/a> y la <a href=\"\/es\/politica-de-privacidad\/\" target=\"_blank\">Pol\u00edtica de privacidad<\/a><\/label><\/div>\n<\/div>\r\n    \r\n    \r\n<\/div>\n<div id=\"frm_field_71_container\" class=\"frm_form_field  frm_html_container form-field\">\n<p class=\"smaill\">Nota legal: Le informamos que los datos personales obtenidos mediante este formulario as\u00ed como su direcci\u00f3n de correo electr\u00f3nico, ser\u00e1n incorporados en un fichero del cual es responsable S4les Management Real Estate S.L con la finalidad de atender sus consultas y enviarle informaci\u00f3n relacionada con la venta \/ subasta de esta propiedad. S4les Management Real Estate S.L se compromete a usar, tratar los datos recogidos mediante este formulario, \u00fanicamente para la finalidad anteriormente mencionada . El interesado declara tener conocimiento de los t\u00e9rminos y condiciones de privacidad. El env\u00edo de este e-mail implica la aceptaci\u00f3n de las cl\u00e1usulas expuestas. Si desea ejercer los derechos que le confiere la legislaci\u00f3n vigente puede hacerlo en la direcci\u00f3n de correo electr\u00f3nico onyx@s4les.es, o bien dirigirse a Puerto de La Duquesa, Edf. Marina Real Local 1, Manilva (Malaga, Spain).<\/p>\n<\/div>\n<div id=\"frm_field_77_container\" class=\"frm_form_field form-field  frm_none_container\">\r\n    <label for=\"g-recaptcha-response\" id=\"field_ud1ir_label\" class=\"frm_primary_label\">reCAPTCHA\r\n        <span class=\"frm_required\" aria-hidden=\"true\"><\/span>\r\n    <\/label>\r\n    <div id=\"field_ud1ir\" class=\"frm-g-recaptcha\" data-sitekey=\"6LeU5QYjAAAAANaJs1FvUTtAnf3EVx4KlbAXWk0x\" data-size=\"invisible\" data-theme=\"light\"><\/div>\r\n    \r\n    \r\n<\/div>\n\t<input type=\"hidden\" name=\"item_key\" value=\"\" \/>\n\t\t\t\t<div class=\"frm_verify\" aria-hidden=\"true\">\n\t\t\t\t<label for=\"frm_email_6\">\n\t\t\t\t\tSi eres humano, deja este campo en blanco.\t\t\t\t<\/label>\n\t\t\t\t<input type=\"text\" class=\"frm_verify\" id=\"frm_email_6\" name=\"frm_verify\" value=\"\"  \/>\n\t\t\t<\/div>\n\t\t<div class=\"frm_submit\">\r\n\r\n<button class=\"frm_button_submit\" type=\"submit\"  >SOLICITAR VISITA<\/button>\r\n\r\n\r\n<\/div><\/div>\n<\/fieldset>\n<\/div>\n<\/form>\n<\/div>\n<\/div><\/div>\n","protected":false},"excerpt":{"rendered":"<p>Solicitar visita Para visitas, confirme su asistencia al OPEN HOUSE que se celebrar\u00e1 el pr\u00f3ximo JUEVES 17 DE NOVIEMBRE DE 12 \u2013 16 HORAS.\u00a0 En dicho OPEN HOUSE, se atender\u00e1n visitas virtuales para aquellos que&#8230;<\/p>\n","protected":false},"author":1,"featured_media":0,"parent":0,"menu_order":0,"comment_status":"closed","ping_status":"closed","template":"","meta":{"inline_featured_image":false,"footnotes":""},"class_list":["post-272","page","type-page","status-publish","hentry"],"aioseo_notices":[],"_links":{"self":[{"href":"https:\/\/onyx.s4les.es\/es\/wp-json\/wp\/v2\/pages\/272","targetHints":{"allow":["GET"]}}],"collection":[{"href":"https:\/\/onyx.s4les.es\/es\/wp-json\/wp\/v2\/pages"}],"about":[{"href":"https:\/\/onyx.s4les.es\/es\/wp-json\/wp\/v2\/types\/page"}],"author":[{"embeddable":true,"href":"https:\/\/onyx.s4les.es\/es\/wp-json\/wp\/v2\/users\/1"}],"replies":[{"embeddable":true,"href":"https:\/\/onyx.s4les.es\/es\/wp-json\/wp\/v2\/comments?post=272"}],"version-history":[{"count":3,"href":"https:\/\/onyx.s4les.es\/es\/wp-json\/wp\/v2\/pages\/272\/revisions"}],"predecessor-version":[{"id":337,"href":"https:\/\/onyx.s4les.es\/es\/wp-json\/wp\/v2\/pages\/272\/revisions\/337"}],"wp:attachment":[{"href":"https:\/\/onyx.s4les.es\/es\/wp-json\/wp\/v2\/media?parent=272"}],"curies":[{"name":"wp","href":"https:\/\/api.w.org\/{rel}","templated":true}]}}