{"id":264,"date":"2022-11-09T15:51:25","date_gmt":"2022-11-09T15:51:25","guid":{"rendered":"https:\/\/onyx.s4les.es\/register-to-bid\/"},"modified":"2022-11-14T14:06:39","modified_gmt":"2022-11-14T14:06:39","slug":"registro-oferta","status":"publish","type":"page","link":"https:\/\/onyx.s4les.es\/es\/registro-oferta\/","title":{"rendered":"Registro oferta"},"content":{"rendered":"\n<div class=\"wp-block-group container\"><div class=\"wp-block-group__inner-container is-layout-constrained wp-block-group-is-layout-constrained\">\n<div style=\"height:70px\" aria-hidden=\"true\" class=\"wp-block-spacer\"><\/div>\n<\/div><\/div>\n\n\n\n<div class=\"wp-block-group ic_contact_form container-fluid registerbid has-background\" style=\"background-color:#f8f8f8\"><div class=\"wp-block-group__inner-container is-layout-constrained wp-block-group-is-layout-constrained\">\n<h1 class=\"has-text-align-center wp-block-heading\">Registro para oferta<\/h1>\n\n\n\n<p class=\"has-text-align-center regintro\">Para formalizar su oferta es necesario realizar un registro previo que deber\u00e1 ser validado por nuestro equipo comercial con el objetivo de salvaguardar la integridad del proceso. Tras esta validaci\u00f3n recibir\u00e1 un documento con el pliego de condiciones que deber\u00e1 firmar digitalmente en el que se indica el importe de la oferta y la fecha hora de registro de puja.<\/p>\n\n\n<div class=\"frm_forms  with_frm_style frm_style_formidable-style\" id=\"frm_form_5_container\" >\n<form enctype=\"multipart\/form-data\" method=\"post\" class=\"frm-show-form  frm_js_validate \" id=\"form_contact-form23\"  >\n<div class=\"frm_form_fields \">\n<fieldset>\n<legend class=\"frm_screen_reader\">Register to bid ES<\/legend>\r\n\r\n<div class=\"frm_fields_container\">\n<input type=\"hidden\" name=\"frm_action\" value=\"create\" \/>\n<input type=\"hidden\" name=\"form_id\" value=\"5\" \/>\n<input type=\"hidden\" name=\"frm_hide_fields_5\" id=\"frm_hide_fields_5\" value=\"\" \/>\n<input type=\"hidden\" name=\"form_key\" value=\"contact-form23\" \/>\n<input type=\"hidden\" name=\"item_meta[0]\" value=\"\" \/>\n<input type=\"hidden\" id=\"frm_submit_entry_5\" name=\"frm_submit_entry_5\" value=\"a8c9340fe7\" \/><input type=\"hidden\" name=\"_wp_http_referer\" value=\"\/es\/wp-json\/wp\/v2\/pages\/264\" \/><div id=\"frm_field_54_container\" class=\"frm_form_field form-field  frm_required_field frm_top_container frm_two_thirds frm_first\">\r\n    <label for=\"field_name5\" id=\"field_name5_label\" class=\"frm_primary_label\">Nombre completo\r\n        <span class=\"frm_required\" aria-hidden=\"true\">*<\/span>\r\n    <\/label>\r\n    <input type=\"text\" id=\"field_name5\" name=\"item_meta[54]\" value=\"\"  placeholder=\"Nombre completo *\" data-reqmsg=\"Este campo es obligatorio.\" aria-required=\"true\" data-invmsg=\"Name is invalid\" aria-invalid=\"false\"  \/>\r\n    \r\n    \r\n<\/div>\n<div id=\"frm_field_55_container\" class=\"frm_form_field form-field  frm_required_field frm_hidden_container frm_third\">\r\n    <label for=\"field_ocfup15\" id=\"field_ocfup15_label\" class=\"frm_primary_label\">DNI\r\n        <span class=\"frm_required\" aria-hidden=\"true\">*<\/span>\r\n    <\/label>\r\n    <input type=\"text\" id=\"field_ocfup15\" name=\"item_meta[55]\" value=\"\"  placeholder=\"DNI *\" data-reqmsg=\"Este campo es obligatorio.\" aria-required=\"true\" data-invmsg=\"Last is invalid\" aria-invalid=\"false\"  \/>\r\n    \r\n    \r\n<\/div>\n<div id=\"frm_field_56_container\" class=\"frm_form_field form-field  frm_required_field frm_top_container frm_full\">\r\n    <label for=\"field_29yf4d5\" id=\"field_29yf4d5_label\" class=\"frm_primary_label\">Email\r\n        <span class=\"frm_required\" aria-hidden=\"true\">*<\/span>\r\n    <\/label>\r\n    <input type=\"email\" id=\"field_29yf4d5\" name=\"item_meta[56]\" value=\"\"  placeholder=\"Email *\" data-reqmsg=\"Este campo es obligatorio.\" aria-required=\"true\" data-invmsg=\"Email correcto obligatorio\" aria-invalid=\"false\"  \/>\r\n    \r\n    \r\n<\/div>\n<div id=\"frm_field_57_container\" class=\"frm_form_field form-field  frm_top_container frm6 frm_first\">\r\n    <label for=\"field_country_flags5\" id=\"field_country_flags5_label\" class=\"frm_primary_label\">Pais\r\n        <span class=\"frm_required\" aria-hidden=\"true\"><\/span>\r\n    <\/label>\r\n    <input type=\"text\" id=\"field_country_flags5\" name=\"item_meta[57]\" value=\"\"  placeholder=\"Seleccionar Pais\" data-invmsg=\"Text is invalid\" aria-invalid=\"false\"  \/>\r\n    \r\n    \r\n<\/div>\n<div id=\"frm_field_58_container\" class=\"frm_form_field form-field  frm_top_container frm6\">\r\n    <label for=\"field_qkxlv\" id=\"field_qkxlv_label\" class=\"frm_primary_label\">Tel\u00e9fono\r\n        <span class=\"frm_required\" aria-hidden=\"true\"><\/span>\r\n    <\/label>\r\n    <input type=\"tel\" id=\"field_qkxlv\" name=\"item_meta[58]\" value=\"\"  placeholder=\"Tel\u00e9fono\" data-invmsg=\"Tel\u00e9fono inv\u00e1lido\" aria-invalid=\"false\" pattern=\"((\\+\\d{1,3}(-|.| )?\\(?\\d\\)?(-| |.)?\\d{1,5})|(\\(?\\d{2,6}\\)?))(-|.| )?(\\d{3,4})(-|.| )?(\\d{4})(( x| ext)\\d{1,5}){0,1}$\"  \/>\r\n    \r\n    \r\n<\/div>\n<div id=\"frm_field_59_container\" class=\"frm_form_field form-field  frm_required_field frm_top_container vertical_radio\">\r\n    <div  id=\"field_19kup5_label\" class=\"frm_primary_label\">\r\n        <span class=\"frm_required\" aria-hidden=\"true\">*<\/span>\r\n    <\/div>\r\n    <div class=\"frm_opt_container\" aria-labelledby=\"field_19kup5_label\" role=\"group\">\t\t<div class=\"frm_checkbox\" id=\"frm_checkbox_59-0\"><label for=\"field_19kup5-0\"><input type=\"checkbox\" name=\"item_meta[59][]\" id=\"field_19kup5-0\" value=\"Acepto el &lt;a href=&quot;\/es\/aviso-legal\/&quot; target=&quot;_blank&quot;&gt;Aviso Legal&lt;\/a&gt; y la &lt;a href=&quot;\/es\/politica-de-privacidad\/&quot; target=&quot;_blank&quot;&gt;Pol\u00edtica de privacidad&lt;\/a&gt;\"  data-reqmsg=\"Este campo es obligatorio.\" aria-required=\"true\" data-invmsg=\" no es v\u00e1lido\" aria-invalid=\"false\"   \/> Acepto el <a href=\"\/es\/aviso-legal\/\" target=\"_blank\">Aviso Legal<\/a> y la <a href=\"\/es\/politica-de-privacidad\/\" target=\"_blank\">Pol\u00edtica de privacidad<\/a><\/label><\/div>\n<\/div>\r\n    \r\n    \r\n<\/div>\n<div id=\"frm_field_60_container\" class=\"frm_form_field  frm_html_container form-field\">\n<p class=\"smaill\">Nota legal: Le informamos que los datos personales obtenidos mediante este formulario as\u00ed como su direcci\u00f3n de correo electr\u00f3nico, ser\u00e1n incorporados en un fichero del cual es responsable S4les Management Real Estate S.L con la finalidad de atender sus consultas y enviarle informaci\u00f3n relacionada con la venta \/ subasta de esta propiedad. S4les Management Real Estate S.L se compromete a usar, tratar los datos recogidos mediante este formulario, \u00fanicamente para la finalidad anteriormente mencionada . El interesado declara tener conocimiento de los t\u00e9rminos y condiciones de privacidad. El env\u00edo de este e-mail implica la aceptaci\u00f3n de las cl\u00e1usulas expuestas. Si desea ejercer los derechos que le confiere la legislaci\u00f3n vigente puede hacerlo en la direcci\u00f3n de correo electr\u00f3nico onyx@s4les.es, o bien dirigirse a Puerto de La Duquesa, Edf. Marina Real Local 1, Manilva (Malaga, Spain).<\/p>\n<\/div>\n<input type=\"hidden\" id=\"field_bidregistration2\" name=\"item_meta[61]\" value=\"bidregistration\"  data-frmval=\"bidregistration\" data-invmsg=\"bidregistration no es v\u00e1lido\"  \/><div id=\"frm_field_75_container\" class=\"frm_form_field form-field  frm_none_container\">\r\n    <label for=\"g-recaptcha-response\" id=\"field_vrb9p_label\" class=\"frm_primary_label\">reCAPTCHA\r\n        <span class=\"frm_required\" aria-hidden=\"true\"><\/span>\r\n    <\/label>\r\n    <div id=\"field_vrb9p\" class=\"frm-g-recaptcha\" data-sitekey=\"6LeU5QYjAAAAANaJs1FvUTtAnf3EVx4KlbAXWk0x\" data-size=\"invisible\" data-theme=\"light\"><\/div>\r\n    \r\n    \r\n<\/div>\n\t<input type=\"hidden\" name=\"item_key\" value=\"\" \/>\n\t\t\t\t<div class=\"frm_verify\" aria-hidden=\"true\">\n\t\t\t\t<label for=\"frm_email_5\">\n\t\t\t\t\tSi eres humano, deja este campo en blanco.\t\t\t\t<\/label>\n\t\t\t\t<input type=\"text\" class=\"frm_verify\" id=\"frm_email_5\" name=\"frm_verify\" value=\"\"  \/>\n\t\t\t<\/div>\n\t\t<div class=\"frm_submit\">\r\n\r\n<button class=\"frm_button_submit\" type=\"submit\"  >REGISTRO<\/button>\r\n\r\n\r\n<\/div><\/div>\n<\/fieldset>\n<\/div>\n<\/form>\n<\/div>\n<\/div><\/div>\n\n\n\n<div class=\"wp-block-group next-steps container\"><div class=\"wp-block-group__inner-container is-layout-constrained wp-block-group-is-layout-constrained\">\n<h4 class=\"wp-block-heading\"><strong>Siguientes pasos<\/strong><\/h4>\n\n\n\n<div class=\"wp-block-columns is-layout-flex wp-container-core-columns-is-layout-9d6595d7 wp-block-columns-is-layout-flex\">\n<div class=\"wp-block-column is-layout-flow wp-block-column-is-layout-flow\">\n<p><strong>1 .<\/strong><\/p>\n\n\n\n<p>Recibir\u00e1 un correo electr\u00f3nico por onyx@s4les.es con la confirmaci\u00f3n o no de la validaci\u00f3n de sus datos. Por favor revise su carpeta de correo no deseado<\/p>\n<\/div>\n\n\n\n<div class=\"wp-block-column is-layout-flow wp-block-column-is-layout-flow\">\n<p><strong>2.<\/strong><\/p>\n\n\n\n<p>Realizar el pago &#8211; 42.000 \u20ac &#8211; de dep\u00f3sito mediante transferencia bancaria con los datos que se le facilitar\u00e1n por correo electr\u00f3nico.<\/p>\n<\/div>\n\n\n\n<div class=\"wp-block-column is-layout-flow wp-block-column-is-layout-flow\">\n<p><strong>3.<\/strong><\/p>\n\n\n\n<p>Firme digitalmente el contrato con su oferta. Nuestros sistemas le avisar\u00e1n por correo electr\u00f3nico si se produce alguna otra oferta.<\/p>\n<\/div>\n<\/div>\n<\/div><\/div>\n\n\n\n<div class=\"wp-block-group download_spec\"><div class=\"wp-block-group__inner-container is-layout-constrained wp-block-group-is-layout-constrained\">\n<p class=\"has-text-align-center\"><a href=\"\/wp-content\/uploads\/2022\/11\/VILLA-ONYX-BID-SPECIFICATIONS.pdf\" target=\"_blank\" rel=\"noopener\" title=\"Descargar las especificaciones de la subasta\">Descargar las especificaciones de la subasta<\/a><\/p>\n\n\n\n<p class=\"has-text-align-center\"><a href=\"https:\/\/onyx.s4les.es\/wp-content\/uploads\/2022\/11\/VILLAS-LOS-FLAMINGOS-brochure.pdf\" target=\"_blank\" rel=\"noopener\" title=\"Descargar cat\u00e1logo de la Villa\">Descargar cat\u00e1logo de la Villa<\/a><\/p>\n\n\n\n<p class=\"has-text-align-center\"><a href=\"https:\/\/onyx.s4les.es\/wp-content\/uploads\/2022\/11\/1.FICHA-LEGAL-VILLA-ONYX.pdf\" target=\"_blank\" rel=\"noopener\" title=\"Legal Papers\">Descargar Ficha Legal<\/a><\/p>\n\n\n\n<p class=\"has-text-align-center\"><a href=\"https:\/\/onyx.s4les.es\/wp-content\/uploads\/2022\/11\/2.VILLA-ONYX-LEGAL-MEMORANDUM.pdf\" target=\"_blank\" rel=\"noopener\" title=\"Memorandum Legal\">Descargar Memorandum Legal<\/a><\/p>\n\n\n\n<p class=\"has-text-align-center\"><a href=\"https:\/\/onyx.s4les.es\/wp-content\/uploads\/2022\/11\/3.NOTA-SIMPLE.pdf\" target=\"_blank\" rel=\"noopener\" title=\"3.NOTA-SIMPLE\">Descargar Nota Simple<\/a><\/p>\n\n\n\n<p class=\"has-text-align-center\"><a href=\"https:\/\/onyx.s4les.es\/wp-content\/uploads\/2022\/11\/4.CFO-CON-PLANOS-Y-SUPERFICIES.pdf\" target=\"_blank\" rel=\"noopener\" title=\"4.CFO-CON-PLANOS-Y-SUPERFICIES\">Descargar Certificado de obras<\/a><\/p>\n\n\n\n<p class=\"has-text-align-center\"><a href=\"https:\/\/onyx.s4les.es\/wp-content\/uploads\/2022\/11\/5.LICENCIA-DE-PRIMERA-OCUPACION.pdf\" target=\"_blank\" rel=\"noopener\" title=\"Licencia de primera ocupaci\u00f3n\">Descargar Licencia de primera ocupaci\u00f3n<\/a><\/p>\n\n\n\n<p class=\"has-text-align-center\"><a href=\"https:\/\/onyx.s4les.es\/wp-content\/uploads\/2022\/11\/6.CERTIFICADO-CALIFICACION-ENERGETICA.pdf\" target=\"_blank\" rel=\"noopener\" title=\"6.CERTIFICADO-CALIFICACION-ENERGETICA\">Descargar Certificado Energ\u00e9tico<\/a><\/p>\n<\/div><\/div>\n","protected":false},"excerpt":{"rendered":"<p>Registro para oferta Para formalizar su oferta es necesario realizar un registro previo que deber\u00e1 ser validado por nuestro equipo comercial con el objetivo de salvaguardar la integridad del proceso. Tras esta validaci\u00f3n recibir\u00e1 un&#8230;<\/p>\n","protected":false},"author":1,"featured_media":0,"parent":0,"menu_order":0,"comment_status":"closed","ping_status":"closed","template":"","meta":{"inline_featured_image":false,"footnotes":""},"class_list":["post-264","page","type-page","status-publish","hentry"],"aioseo_notices":[],"_links":{"self":[{"href":"https:\/\/onyx.s4les.es\/es\/wp-json\/wp\/v2\/pages\/264","targetHints":{"allow":["GET"]}}],"collection":[{"href":"https:\/\/onyx.s4les.es\/es\/wp-json\/wp\/v2\/pages"}],"about":[{"href":"https:\/\/onyx.s4les.es\/es\/wp-json\/wp\/v2\/types\/page"}],"author":[{"embeddable":true,"href":"https:\/\/onyx.s4les.es\/es\/wp-json\/wp\/v2\/users\/1"}],"replies":[{"embeddable":true,"href":"https:\/\/onyx.s4les.es\/es\/wp-json\/wp\/v2\/comments?post=264"}],"version-history":[{"count":12,"href":"https:\/\/onyx.s4les.es\/es\/wp-json\/wp\/v2\/pages\/264\/revisions"}],"predecessor-version":[{"id":424,"href":"https:\/\/onyx.s4les.es\/es\/wp-json\/wp\/v2\/pages\/264\/revisions\/424"}],"wp:attachment":[{"href":"https:\/\/onyx.s4les.es\/es\/wp-json\/wp\/v2\/media?parent=264"}],"curies":[{"name":"wp","href":"https:\/\/api.w.org\/{rel}","templated":true}]}}